{"id":933,"date":"2022-10-17T16:26:28","date_gmt":"2022-10-17T15:26:28","guid":{"rendered":"https:\/\/www.cemf.fr\/lpem\/?page_id=933"},"modified":"2023-05-12T11:34:28","modified_gmt":"2023-05-12T10:34:28","slug":"7eme-editions-categorie-spectacle","status":"publish","type":"page","link":"https:\/\/www.cemf.fr\/lpem\/les-nommes-de-la-7eme-edition-2020-2022\/7eme-editions-categorie-spectacle\/","title":{"rendered":"7eme \u00e9ditions Cat\u00e9gorie Spectacle"},"content":{"rendered":"\n<h1 class=\"wp-block-heading\">Prix de l&rsquo;Enseignement Musical &#8211; 7eme \u00e9dition &#8211; les nomm\u00e9s<\/h1>\n\n\n\n<h2 class=\"wp-block-heading\">Cat\u00e9gorie Spectacle : Spectacle mettant en sc\u00e8ne de jeunes interpr\u00e8tes<\/h2>\n\n\n\n<p>Katherine Desboeufs, Conservatoire intercommunal Maurice Ohana Combs-la-Ville : Commedia.<br>\u00ab\u00a0Projet de piano collectif , \u00ab Commedia \u00bbest un spectacle de th\u00e9\u00e2tre musical de 40 minutes autour du recueil de 10 pi\u00e8ces \u00e9crites par le compositeur Bruno Giner (directeur de mon \u00e9tablissement) d\u00e9di\u00e9es \u00e0 ma classe et jou\u00e9es 5 fois dans diff\u00e9rentes salles de Seine et Marne. Chaque pi\u00e8ce \u00e9crite sur mesure pour chacun de mes jeunes \u00e9l\u00e8ves repr\u00e9sente un personnage de la Commedia dell\u2019arte qu\u2019ils interpr\u00e8tent alternativement en tant que pianistes, acteurs et parfois chanteurs\u2026Passionn\u00e9e de th\u00e9\u00e2tre et de sc\u00e9nographie, j\u2019ai \u00e9crit un sc\u00e9nario et assur\u00e9 le travail musical, la mise en sc\u00e8ne et la mise en lumi\u00e8res. Mes \u00e9l\u00e8ves ont ainsi pu appr\u00e9hender les diff\u00e9rents modes de jeux de la musique contemporaine et b\u00e9n\u00e9ficier des conseils du compositeur.\u00a0\u00bb<\/p>\n\n\n\n<figure class=\"wp-block-embed is-type-video is-provider-youtube wp-block-embed-youtube wp-embed-aspect-16-9 wp-has-aspect-ratio\"><div class=\"wp-block-embed__wrapper\">\n<span class=\"embed-youtube\" style=\"text-align:center; display: block;\"><iframe loading=\"lazy\" class=\"youtube-player\" width=\"640\" height=\"360\" src=\"https:\/\/www.youtube.com\/embed\/tm_vdPb4aVE?version=3&#038;rel=1&#038;showsearch=0&#038;showinfo=1&#038;iv_load_policy=1&#038;fs=1&#038;hl=fr-FR&#038;autohide=2&#038;wmode=transparent\" allowfullscreen=\"true\" style=\"border:0;\" sandbox=\"allow-scripts allow-same-origin allow-popups allow-presentation allow-popups-to-escape-sandbox\"><\/iframe><\/span>\n<\/div><\/figure>\n\n\n\n<hr class=\"wp-block-separator has-alpha-channel-opacity\"\/>\n\n\n\n<p>Guillaume Hermen : Picasso, tympan sur toile.<br>Entrer dans l\u2019univers de Picasso en posant le tympan sur les toiles du ma\u00eetre : le compositeur Guillaume Hermen a lanc\u00e9 ce d\u00e9fi \u00e0 une classe de CM de Saint-Ouen et \u00e0 l\u2019Ensemble Intercontemporain. Durant 2 ann\u00e9es d\u2019interventions hebdomadaires, les \u00e9l\u00e8ves ont pu d\u00e9velopper leur perception, leur expression et leur sens de l\u2019invention artistique au contact du compositeur et de 3 solistes de l\u2019EIC. Travail de l\u2019\u00e9coute en classe, r\u00e9p\u00e9titions des percussions dans le gymnase de l\u2019\u00e9cole, enregistrement des voix au studio de la Philharmonie de Paris, autant d\u2019activit\u00e9s artistiques qui ont permis peu \u00e0 peu la cr\u00e9ation d\u2019un spectacle musical multim\u00e9dia r\u00e9unissant sur sc\u00e8ne 22 enfants, 14 musiciens professionnels et 2 chefs : Picasso, Tympan sur Toile.<\/p>\n\n\n\n<figure class=\"wp-block-embed is-type-video is-provider-youtube wp-block-embed-youtube wp-embed-aspect-16-9 wp-has-aspect-ratio\"><div class=\"wp-block-embed__wrapper\">\n<span class=\"embed-youtube\" style=\"text-align:center; display: block;\"><iframe loading=\"lazy\" class=\"youtube-player\" width=\"640\" height=\"360\" src=\"https:\/\/www.youtube.com\/embed\/C0P56pHNOyA?version=3&#038;rel=1&#038;showsearch=0&#038;showinfo=1&#038;iv_load_policy=1&#038;fs=1&#038;hl=fr-FR&#038;autohide=2&#038;wmode=transparent\" allowfullscreen=\"true\" style=\"border:0;\" sandbox=\"allow-scripts allow-same-origin allow-popups allow-presentation allow-popups-to-escape-sandbox\"><\/iframe><\/span>\n<\/div><\/figure>\n\n\n\n<hr class=\"wp-block-separator has-alpha-channel-opacity\"\/>\n\n\n\n<p>Aude Husson Patru : Madame Brown.<br>Spectacle hommage \u00e0 Jos\u00e9phine Baker, mobilisant chanteurs, danseurs et instrumentistes \u00e9tudiant au conservatoire du Grand Chalon.<\/p>\n\n\n\n<p><a href=\"https:\/\/fb.watch\/9G6NJrftPP\/\">https:\/\/fb.watch\/9G6NJrftPP\/<\/a><\/p>\n\n\n\n<hr class=\"wp-block-separator has-alpha-channel-opacity\"\/>\n\n\n\n<p>Thomas Nguyen, Collectif Io : Utopia-758<br>Utopia-758 est une com\u00e9die musicale dystopique, \u00e9crite par N\u00e9ry Catineau et compos\u00e9e par Thomas Nguyen, pour la Troupe de jeunes du Collectif Io, compos\u00e9e de 30 enfants et adolescents, \u00e2g\u00e9s de 8 \u00e0 20 ans. Cette cr\u00e9ation implique \u00e9galement le choeur benjamin du Conservatoire de Reims, les habitants des Quartiers de la Ville (conception et r\u00e9alisation des accessoires et des costumes du spectacle) et 4 musiciens professionnels. Initialement pr\u00e9vu en 2020-2021, le calendrier est boulevers\u00e9 par la crise sanitaire : le Collectif Io d\u00e9cide alors de transformer la com\u00e9die musicale en s\u00e9rie audio, ce qui donne ainsi naissance \u00e0 la r\u00e9alisation d&rsquo;un podcast (12 \u00e9pisodes). En septembre 2021, les r\u00e9p\u00e9titions reprennent et le spectacle est cr\u00e9\u00e9 en mai 2022.<\/p>\n\n\n\n<figure class=\"wp-block-embed is-type-video is-provider-youtube wp-block-embed-youtube wp-embed-aspect-16-9 wp-has-aspect-ratio\"><div class=\"wp-block-embed__wrapper\">\n<span class=\"embed-youtube\" style=\"text-align:center; display: block;\"><iframe loading=\"lazy\" class=\"youtube-player\" width=\"640\" height=\"360\" src=\"https:\/\/www.youtube.com\/embed\/kTcpusho5EM?version=3&#038;rel=1&#038;showsearch=0&#038;showinfo=1&#038;iv_load_policy=1&#038;fs=1&#038;hl=fr-FR&#038;autohide=2&#038;wmode=transparent\" allowfullscreen=\"true\" style=\"border:0;\" sandbox=\"allow-scripts allow-same-origin allow-popups allow-presentation allow-popups-to-escape-sandbox\"><\/iframe><\/span>\n<\/div><\/figure>\n\n\n\n<hr class=\"wp-block-separator has-alpha-channel-opacity\"\/>\n\n\n\n<p>Michael Rosenfeld, Conservatoire de Vincennes : Chaplin d&rsquo;une rive \u00e0 l&rsquo;autre.<br>Chaplin, d&rsquo;une rive \u00e0 l&rsquo;autre est n\u00e9 d&rsquo;une commande de Claire Marchand, chef de choeur \u00e0 Vincennes. C&rsquo;est un spectacle musical qui navigue entre op\u00e9ra, com\u00e9die musicale et op\u00e9rette et qui retrace la vie de Charles Chaplin. De son enfance \u00e0 Londres jusqu&rsquo;\u00e0 son exile volontaire en Suisse. Il retrace sa vie et s&rsquo;attarde sur les p\u00e9riodes les moins explor\u00e9es, l&rsquo;enfance et le 3\u00e8me \u00e2ge. La p\u00e9riode cin\u00e9matographique constituant paradoxalement une sorte \u00ab\u00a0d&rsquo;entracte\u00a0\u00bb dans le spectacle. Il fait appel \u00e0 3 choeurs d\u2019enfants ;  &#8211; d\u00e9butants, moyens, avanc\u00e9s &#8211; impliquant en outre des r\u00f4les solistes pour enfants, adolescents et adultes. Les chanteurs sont accompagn\u00e9s au piano. L\u2019ouvrage dure 1h30 dans son int\u00e9gralit\u00e9 dont 40 minutes de musique et chants.<\/p>\n\n\n\n<figure class=\"wp-block-embed is-type-video is-provider-youtube wp-block-embed-youtube wp-embed-aspect-16-9 wp-has-aspect-ratio\"><div class=\"wp-block-embed__wrapper\">\n<span class=\"embed-youtube\" style=\"text-align:center; display: block;\"><iframe loading=\"lazy\" class=\"youtube-player\" width=\"640\" height=\"360\" src=\"https:\/\/www.youtube.com\/embed\/HQnQZAdXpS8?version=3&#038;rel=1&#038;showsearch=0&#038;showinfo=1&#038;iv_load_policy=1&#038;fs=1&#038;hl=fr-FR&#038;autohide=2&#038;wmode=transparent\" allowfullscreen=\"true\" style=\"border:0;\" sandbox=\"allow-scripts allow-same-origin allow-popups allow-presentation allow-popups-to-escape-sandbox\"><\/iframe><\/span>\n<\/div><\/figure>\n\n\n\n<hr class=\"wp-block-separator has-alpha-channel-opacity\"\/>\n\n\n\n<p>Jos\u00e9 Schmeltz, Ecole de Musique de Wittelsheim : Panique chez les Casse-Cabosses<br>Commande de l&rsquo;\u00e9cole de Musique de Wittelsheim au compositeur Jos\u00e9 Schmeltz, le conte musical \u00ab Panique chez les Casse-Cabosses \u00bb a \u00e9t\u00e9 cr\u00e9\u00e9 du 12 au 14 mai 2022, avec pour interpr\u00e8tes les enseignants-musiciens de l&rsquo;\u00e9cole de musique et le public scolaire participant, soit l&rsquo;ensemble des \u00e9l\u00e8ves des \u00e9coles maternelles et primaires de la commune de Wittelsheim (plus de 600 \u00e9l\u00e8ves). L&rsquo;objectif \u00e9tait \u00e0 la fois de rendre acteurs les enfants concern\u00e9s autour d&rsquo;un conte citoyen, en leur apprenant une pi\u00e8ce rythmique (haka) et un chant \u00e0 interpr\u00e9ter depuis la salle (travail pr\u00e9alable avec un musicien intervenant), et de proposer un projet f\u00e9d\u00e9rateur aux enseignants. Ce projet s&rsquo;inscrivait dans le cadre d&rsquo;un week-end de festival riche et vari\u00e9.<\/p>\n\n\n\n<figure class=\"wp-block-embed is-type-video is-provider-youtube wp-block-embed-youtube wp-embed-aspect-16-9 wp-has-aspect-ratio\"><div class=\"wp-block-embed__wrapper\">\n<span class=\"embed-youtube\" style=\"text-align:center; display: block;\"><iframe loading=\"lazy\" class=\"youtube-player\" width=\"640\" height=\"360\" src=\"https:\/\/www.youtube.com\/embed\/NwsGQEA6Bs0?version=3&#038;rel=1&#038;showsearch=0&#038;showinfo=1&#038;iv_load_policy=1&#038;fs=1&#038;hl=fr-FR&#038;autohide=2&#038;wmode=transparent\" allowfullscreen=\"true\" style=\"border:0;\" sandbox=\"allow-scripts allow-same-origin allow-popups allow-presentation allow-popups-to-escape-sandbox\"><\/iframe><\/span>\n<\/div><\/figure>\n","protected":false},"excerpt":{"rendered":"<p>Prix de l&rsquo;Enseignement Musical &#8211; 7eme \u00e9dition &#8211; les nomm\u00e9s Cat\u00e9gorie Spectacle : Spectacle mettant en sc\u00e8ne de jeunes interpr\u00e8tes Katherine Desboeufs, Conservatoire intercommunal Maurice Ohana Combs-la-Ville : Commedia.\u00ab\u00a0Projet de piano collectif , \u00ab Commedia \u00bbest un spectacle de th\u00e9\u00e2tre musical de 40 minutes autour du recueil de 10 pi\u00e8ces \u00e9crites par le compositeur Bruno [&hellip;]<\/p>\n","protected":false},"author":1,"featured_media":0,"parent":899,"menu_order":0,"comment_status":"closed","ping_status":"closed","template":"page-nommes.php","meta":{"_acf_changed":false,"jetpack_post_was_ever_published":false,"footnotes":""},"class_list":["post-933","page","type-page","status-publish","hentry"],"acf":[],"jetpack_sharing_enabled":true,"jetpack_shortlink":"https:\/\/wp.me\/P83htQ-f3","jetpack-related-posts":[],"_links":{"self":[{"href":"https:\/\/www.cemf.fr\/lpem\/wp-json\/wp\/v2\/pages\/933","targetHints":{"allow":["GET"]}}],"collection":[{"href":"https:\/\/www.cemf.fr\/lpem\/wp-json\/wp\/v2\/pages"}],"about":[{"href":"https:\/\/www.cemf.fr\/lpem\/wp-json\/wp\/v2\/types\/page"}],"author":[{"embeddable":true,"href":"https:\/\/www.cemf.fr\/lpem\/wp-json\/wp\/v2\/users\/1"}],"replies":[{"embeddable":true,"href":"https:\/\/www.cemf.fr\/lpem\/wp-json\/wp\/v2\/comments?post=933"}],"version-history":[{"count":3,"href":"https:\/\/www.cemf.fr\/lpem\/wp-json\/wp\/v2\/pages\/933\/revisions"}],"predecessor-version":[{"id":981,"href":"https:\/\/www.cemf.fr\/lpem\/wp-json\/wp\/v2\/pages\/933\/revisions\/981"}],"up":[{"embeddable":true,"href":"https:\/\/www.cemf.fr\/lpem\/wp-json\/wp\/v2\/pages\/899"}],"wp:attachment":[{"href":"https:\/\/www.cemf.fr\/lpem\/wp-json\/wp\/v2\/media?parent=933"}],"curies":[{"name":"wp","href":"https:\/\/api.w.org\/{rel}","templated":true}]}}