{"id":919,"date":"2022-10-17T15:53:36","date_gmt":"2022-10-17T14:53:36","guid":{"rendered":"https:\/\/www.cemf.fr\/lpem\/?page_id=919"},"modified":"2023-05-12T11:30:27","modified_gmt":"2023-05-12T10:30:27","slug":"7eme-edition-categorie-creation","status":"publish","type":"page","link":"https:\/\/www.cemf.fr\/lpem\/les-nommes-de-la-7eme-edition-2020-2022\/7eme-edition-categorie-creation\/","title":{"rendered":"7eme Edition Cat\u00e9gorie Cr\u00e9ation"},"content":{"rendered":"\n<h1 class=\"wp-block-heading\">Prix de l&rsquo;Enseignement Musical &#8211; 7eme \u00e9dition &#8211; les nomm\u00e9s<\/h1>\n\n\n\n<h2 class=\"wp-block-heading\">Cat\u00e9gorie Cr\u00e9ation : Nouvelle oeuvre \u00e0 dominante musicale pour de jeunes interpr\u00e8tes.<\/h2>\n\n\n\n<p>Fr\u00e9d\u00e9rike Borsarello-Tr\u00e9sallet, Conservatoire \u00e0 Rayonnement R\u00e9gional de Saint-Maur des Foss\u00e9s : La vie extraordinaire d&rsquo;Ad\u00e8le Berry.<br>\u00ab\u00a0La Vie Extraordinaire d\u2019Ad\u00e8le Berry\u00a0\u00bb est une commande du conservatoire de Saint Maur (94) \u00e0 Yanowski qui a \u00e9t\u00e9 soutenue par l&rsquo;ancien directeur Jean Roudon, avant Covid (commande faite en F\u00e9vrier 2020 pour Mai 2021). Apr\u00e8s deux ann\u00e9es particuli\u00e8res, cette cr\u00e9ation a pu voir le jour en Mai 2022. Une histoire touchante, de la magie th\u00e9\u00e2trale et musicale, 44 \u00e9l\u00e8ves chanteurs-danseurs-com\u00e9diens, un orchestre d&rsquo;une vingtaine de musiciens, des costumes et d\u00e9cors. Ce spectacle a \u00e9t\u00e9 cr\u00e9\u00e9 par la classe de Com\u00e9die Musicale du conservatoire et leurs professeurs : Emmanuel Touchard, Laurence Perez, Fr\u00e9d\u00e9rike Borsarello et William Fruchaud.<\/p>\n\n\n\n<figure class=\"wp-block-embed is-type-video is-provider-youtube wp-block-embed-youtube wp-embed-aspect-16-9 wp-has-aspect-ratio\"><div class=\"wp-block-embed__wrapper\">\n<span class=\"embed-youtube\" style=\"text-align:center; display: block;\"><iframe loading=\"lazy\" class=\"youtube-player\" width=\"640\" height=\"360\" src=\"https:\/\/www.youtube.com\/embed\/ornd-C-O3pI?version=3&#038;rel=1&#038;showsearch=0&#038;showinfo=1&#038;iv_load_policy=1&#038;fs=1&#038;hl=fr-FR&#038;autohide=2&#038;wmode=transparent\" allowfullscreen=\"true\" style=\"border:0;\" sandbox=\"allow-scripts allow-same-origin allow-popups allow-presentation allow-popups-to-escape-sandbox\"><\/iframe><\/span>\n<\/div><\/figure>\n\n\n\n<hr class=\"wp-block-separator has-alpha-channel-opacity\"\/>\n\n\n\n<p>Sally Galet, Chante Aquitaine : Portraits du Pass\u00e9.<br>\u00ab\u00a0Composition et mise en oeuvre de dix portraits m\u00e9lodiques, d&rsquo;apr\u00e8s des \u00e9changes avec des \u00e9l\u00e8ves de 6 classes de CM \u00e0 qui j&rsquo;ai pos\u00e9 la question \u00ab\u00a0Avec quel personnage disparu auriez-vous aim\u00e9 avoir une conversation, et pourquoi?\u00a0\u00bb La version orchestrale a la vocation de favoriser la collaboration entre les \u00e9tablissements d&rsquo;enseignement artistique (l&rsquo;accompagnement est d&rsquo;un niveau cycle 3) et des chorales d&rsquo;enfants. Le choix des personnages refl\u00e8te l&#8217;empathie des enfants pour des combats, l&rsquo;admiration de certains h\u00e9ros, mais aussi divers questionnements et pr\u00e9occupations de notre jeunesse. Cr\u00e9ation par 8 classes ( 4 coll\u00e8ges et 4 \u00e9coles) pour le chant et une section th\u00e9\u00e2tre d&rsquo;un coll\u00e8ge pour la mise en sc\u00e8ne, en collaboration avec le PESMD.\u00a0\u00bb<\/p>\n\n\n\n<figure class=\"wp-block-embed is-type-video is-provider-youtube wp-block-embed-youtube wp-embed-aspect-16-9 wp-has-aspect-ratio\"><div class=\"wp-block-embed__wrapper\">\n<span class=\"embed-youtube\" style=\"text-align:center; display: block;\"><iframe loading=\"lazy\" class=\"youtube-player\" width=\"640\" height=\"360\" src=\"https:\/\/www.youtube.com\/embed\/e2WSPOanEts?version=3&#038;rel=1&#038;showsearch=0&#038;showinfo=1&#038;iv_load_policy=1&#038;fs=1&#038;hl=fr-FR&#038;autohide=2&#038;wmode=transparent\" allowfullscreen=\"true\" style=\"border:0;\" sandbox=\"allow-scripts allow-same-origin allow-popups allow-presentation allow-popups-to-escape-sandbox\"><\/iframe><\/span>\n<\/div><\/figure>\n\n\n\n<hr class=\"wp-block-separator has-alpha-channel-opacity\"\/>\n\n\n\n<p>Claire Grojsman, CREA : Le petit soldat de plomb.<br>Chaque ann\u00e9e, le CR\u00c9A invite compositeurs, librettistes, metteurs en sc\u00e8ne et chor\u00e9graphes \u00e0 s\u2019engager dans de nouvelles aventures. V\u00e9ritable pionnier en mati\u00e8re de production de spectacles lyriques, le CR\u00c9A est \u00e0 l\u2019origine de plus de 70 cr\u00e9ations (dont 26 commandes). Pour cette nouvelle ann\u00e9e, le CREA a souhait\u00e9 passer commande pour les petits 6\/11 ans. Cette oeuvre cr\u00e9\u00e9e en 2021\/22 sera reprise dans toute la France dans le cadre des actions culturelles et des formations encadr\u00e9es par le CREA. Pour se faire, l\u2019oeuvre a \u00e9t\u00e9 pens\u00e9e en deux versions : &#8211; version courte : possibilit\u00e9 de reprendre l\u2019oeuvre avec des petits (7 airs \u2013 6\/9 ans). &#8211; version longue : possibilit\u00e9 de reprendre l\u2019oeuvre avec des plus grands (12 airs &#8211; 9\/11 ans environ).<\/p>\n\n\n\n<hr class=\"wp-block-separator has-alpha-channel-opacity\"\/>\n\n\n\n<p>Sergio Monterisi, El Sistema-France Op\u00e9ra M\u00e9diterran\u00e9e\/\/Op\u00e9ra de Nice : Babel op\u00e9ra participatif.<br>BABEL est un op\u00e9ra participatif compos\u00e9 par Sergio Monterisi sur le livret original de Magali Thomas. Cr\u00e9\u00e9 en juin 2022 \u00e0 l&rsquo;Op\u00e9ra de Nice, BABEL a donn\u00e9 \u00e0 140 enfants des \u00e9coles de la ville une exp\u00e9rience immersive et directe du chant et de la sc\u00e8ne tout au long de l&rsquo;ann\u00e9e. Environ 2000 enfants des \u00e9coles de Nice ont particip\u00e9 en tant que spectateurs aux nombreuses r\u00e9p\u00e9titions ouvertes, en se joignant dans les chants et les gestes (appris gr\u00e2ce \u00e0 des tutoriels et pendant les r\u00e9p\u00e9titions m\u00eames) aux artistes sur sc\u00e8ne durant les repr\u00e9sentations scolaires. Les jeunes musiciens des conservatoires qui ont int\u00e9gr\u00e9 l&rsquo;ensemble instrumental de BABEL ont eu leur premi\u00e8re exp\u00e9rience dans l&rsquo;op\u00e9ra aux c\u00f4t\u00e9s des musiciens professionnels de l&rsquo;orchestre.<\/p>\n\n\n\n<figure class=\"wp-block-embed is-type-video is-provider-youtube wp-block-embed-youtube wp-embed-aspect-16-9 wp-has-aspect-ratio\"><div class=\"wp-block-embed__wrapper\">\n<span class=\"embed-youtube\" style=\"text-align:center; display: block;\"><iframe loading=\"lazy\" class=\"youtube-player\" width=\"640\" height=\"360\" src=\"https:\/\/www.youtube.com\/embed\/SZFk4fyb15o?version=3&#038;rel=1&#038;showsearch=0&#038;showinfo=1&#038;iv_load_policy=1&#038;fs=1&#038;hl=fr-FR&#038;autohide=2&#038;wmode=transparent\" allowfullscreen=\"true\" style=\"border:0;\" sandbox=\"allow-scripts allow-same-origin allow-popups allow-presentation allow-popups-to-escape-sandbox\"><\/iframe><\/span>\n<\/div><\/figure>\n\n\n\n<hr class=\"wp-block-separator has-alpha-channel-opacity\"\/>\n\n\n\n<p>Val\u00e9rie Philippin, Compagnie Territoires de la Voix : KIT-MUSIQUE.<br>Le conservatoire de Bordeaux a re\u00e7u Val\u00e9rie Philippin, artiste lyrique et compositrice, pour une r\u00e9sidence de 7 mois avec 60 \u00e9l\u00e8ves chanteurs, enfants, adolescents et jeune adultes, en solistes et ensemble, pour cr\u00e9er le cycle KIT-MUSIQUE, ensemble de pi\u00e8ces vocales ouvertes faisant appel \u00e0 l&rsquo;inventivit\u00e9 des interpr\u00e8tes, leur capacit\u00e9 \u00e0 improviser et \u00e0 faire des choix de mise en forme. La restitution du projet a eu lieu les 16 et 17 avril 2022 au Mus\u00e9e Mer Marine et en d\u00e9ambulation dans la ville de Bordeaux. Les partitions seront \u00e9dit\u00e9es par les \u00e9ditions Sym\u00e9trie \u00e0 l&rsquo;automne 2022. Produit par la Cie Territoires de la Voix, le projet a re\u00e7u l&rsquo;aide de la SACEM, du plan de relance de la DRAC Nouvelle-Aquitaine et de la ville de Bordeaux.<\/p>\n\n\n\n<figure class=\"wp-block-embed is-type-video is-provider-youtube wp-block-embed-youtube wp-embed-aspect-16-9 wp-has-aspect-ratio\"><div class=\"wp-block-embed__wrapper\">\n<span class=\"embed-youtube\" style=\"text-align:center; display: block;\"><iframe loading=\"lazy\" class=\"youtube-player\" width=\"640\" height=\"360\" src=\"https:\/\/www.youtube.com\/embed\/Js8MaMWHjxQ?version=3&#038;rel=1&#038;showsearch=0&#038;showinfo=1&#038;iv_load_policy=1&#038;fs=1&#038;hl=fr-FR&#038;autohide=2&#038;wmode=transparent\" allowfullscreen=\"true\" style=\"border:0;\" sandbox=\"allow-scripts allow-same-origin allow-popups allow-presentation allow-popups-to-escape-sandbox\"><\/iframe><\/span>\n<\/div><\/figure>\n\n\n\n<hr class=\"wp-block-separator has-alpha-channel-opacity\"\/>\n\n\n\n<p>Josselin Vinay, Priviet Theatre : Mon mot \u00e0 dire.<br>Le projet \u00ab\u00a0Mon mot \u00e0 dire\u00a0\u00bb est un projet de cr\u00e9ation d&rsquo;une pi\u00e8ce op\u00e9ratique pour des \u00e9l\u00e8ves instrumentistes, chanteurs, com\u00e9diens et danseurs. Texte et paroles : Cedric Marchal. Musique et arrangements : Josselin Vinay. Une co-production de Priviet th\u00e9\u00e2tre, Conservatoire d&rsquo;Arlys\u00e8re, Coll\u00e8ge Combe de Savoie et D\u00f4me Th\u00e9\u00e2tre d&rsquo;Albertville.<\/p>\n\n\n\n<figure class=\"wp-block-embed is-type-video is-provider-vimeo wp-block-embed-vimeo wp-embed-aspect-16-9 wp-has-aspect-ratio\"><div class=\"wp-block-embed__wrapper\">\n<iframe loading=\"lazy\" title=\"Teaser spectacle Mon mot a dire\" src=\"https:\/\/player.vimeo.com\/video\/729950053?dnt=1&amp;app_id=122963\" width=\"500\" height=\"281\" frameborder=\"0\" allow=\"autoplay; fullscreen; picture-in-picture; clipboard-write\"><\/iframe>\n<\/div><\/figure>\n","protected":false},"excerpt":{"rendered":"<p>Prix de l&rsquo;Enseignement Musical &#8211; 7eme \u00e9dition &#8211; les nomm\u00e9s Cat\u00e9gorie Cr\u00e9ation : Nouvelle oeuvre \u00e0 dominante musicale pour de jeunes interpr\u00e8tes. Fr\u00e9d\u00e9rike Borsarello-Tr\u00e9sallet, Conservatoire \u00e0 Rayonnement R\u00e9gional de Saint-Maur des Foss\u00e9s : La vie extraordinaire d&rsquo;Ad\u00e8le Berry.\u00ab\u00a0La Vie Extraordinaire d\u2019Ad\u00e8le Berry\u00a0\u00bb est une commande du conservatoire de Saint Maur (94) \u00e0 Yanowski qui a [&hellip;]<\/p>\n","protected":false},"author":1,"featured_media":0,"parent":899,"menu_order":0,"comment_status":"closed","ping_status":"closed","template":"page-nommes.php","meta":{"_acf_changed":false,"jetpack_post_was_ever_published":false,"footnotes":""},"class_list":["post-919","page","type-page","status-publish","hentry"],"acf":[],"jetpack_sharing_enabled":true,"jetpack_shortlink":"https:\/\/wp.me\/P83htQ-eP","jetpack-related-posts":[],"_links":{"self":[{"href":"https:\/\/www.cemf.fr\/lpem\/wp-json\/wp\/v2\/pages\/919","targetHints":{"allow":["GET"]}}],"collection":[{"href":"https:\/\/www.cemf.fr\/lpem\/wp-json\/wp\/v2\/pages"}],"about":[{"href":"https:\/\/www.cemf.fr\/lpem\/wp-json\/wp\/v2\/types\/page"}],"author":[{"embeddable":true,"href":"https:\/\/www.cemf.fr\/lpem\/wp-json\/wp\/v2\/users\/1"}],"replies":[{"embeddable":true,"href":"https:\/\/www.cemf.fr\/lpem\/wp-json\/wp\/v2\/comments?post=919"}],"version-history":[{"count":4,"href":"https:\/\/www.cemf.fr\/lpem\/wp-json\/wp\/v2\/pages\/919\/revisions"}],"predecessor-version":[{"id":976,"href":"https:\/\/www.cemf.fr\/lpem\/wp-json\/wp\/v2\/pages\/919\/revisions\/976"}],"up":[{"embeddable":true,"href":"https:\/\/www.cemf.fr\/lpem\/wp-json\/wp\/v2\/pages\/899"}],"wp:attachment":[{"href":"https:\/\/www.cemf.fr\/lpem\/wp-json\/wp\/v2\/media?parent=919"}],"curies":[{"name":"wp","href":"https:\/\/api.w.org\/{rel}","templated":true}]}}