{"id":2,"date":"2015-04-01T16:12:15","date_gmt":"2015-04-01T16:12:15","guid":{"rendered":"http:\/\/www.cemf.fr\/lpem\/?page_id=2"},"modified":"2026-04-01T13:25:47","modified_gmt":"2026-04-01T12:25:47","slug":"page-d-exemple","status":"publish","type":"page","link":"https:\/\/www.cemf.fr\/lpem\/","title":{"rendered":"Page d&rsquo;accueil"},"content":{"rendered":"\n<h2 class=\"wp-block-heading\">10e \u00e9dition des Prix de l&rsquo;Enseignement Musical &#8211; Biennale- 2026\/2027<\/h2>\n\n\n\n<h3 class=\"wp-block-heading\"><em>&nbsp;<\/em><\/h3>\n\n\n\n<p>Les Prix de l\u2019Enseignement Musical, organis\u00e9s par la Chambre syndicale des Editeurs de Musique de France (CEMF), r\u00e9compensent des initiatives qui favorisent la pratique musicale en France.<\/p>\n\n\n\n<p>La 10e \u00e9dition des Prix de l\u2019Enseignement Musical concerne des r\u00e9alisations accomplis pendant les ann\u00e9es scolaires <strong>2025\/26 et 2026\/27<\/strong> dans divers domaines\u00a0 : r\u00e9alisation \u00e9ditoriale, innovation technologique, cr\u00e9ation musicale, spectacle.<\/p>\n\n\n\n<p>La date limite de remise des dossiers de candidatures est fix\u00e9e au <strong>15 juillet 2027<\/strong>; pr\u00e9voyez bien de pr\u00e9parer une vid\u00e9o du projet \u00e0 joindre au dossier de candidature.<\/p>\n\n\n\n<p><strong>La c\u00e9r\u00e9monie de remise des prix et l&rsquo;annonce du palmar\u00e8s aura lieu<\/strong> <strong>en novembre 2027 \u00e0 Paris.<\/strong><\/p>\n\n\n\n<p><a href=\"https:\/\/www.cemf.fr\/lpem\/etre-candidat\/\" data-type=\"page\" data-id=\"8\">D\u00e9posez votre candidature<\/a><\/p>\n\n\n\n<p class=\"has-vivid-red-color has-text-color has-link-color wp-elements-113862f0a7f97bb88bcbd538f767d939\"><strong><br><\/strong><\/p>\n\n\n\n<p><\/p>\n","protected":false},"excerpt":{"rendered":"<p>10e \u00e9dition des Prix de l&rsquo;Enseignement Musical &#8211; Biennale- 2026\/2027 &nbsp; Les Prix de l\u2019Enseignement Musical, organis\u00e9s par la Chambre syndicale des Editeurs de Musique de France (CEMF), r\u00e9compensent des initiatives qui favorisent la pratique musicale en France. La 10e \u00e9dition des Prix de l\u2019Enseignement Musical concerne des r\u00e9alisations accomplis pendant les ann\u00e9es scolaires 2025\/26 [&hellip;]<\/p>\n","protected":false},"author":1,"featured_media":0,"parent":0,"menu_order":0,"comment_status":"closed","ping_status":"open","template":"page-home.php","meta":{"_acf_changed":false,"jetpack_post_was_ever_published":false,"footnotes":""},"class_list":["post-2","page","type-page","status-publish","hentry"],"acf":[],"jetpack_sharing_enabled":true,"jetpack_shortlink":"https:\/\/wp.me\/P83htQ-2","jetpack-related-posts":[],"_links":{"self":[{"href":"https:\/\/www.cemf.fr\/lpem\/wp-json\/wp\/v2\/pages\/2","targetHints":{"allow":["GET"]}}],"collection":[{"href":"https:\/\/www.cemf.fr\/lpem\/wp-json\/wp\/v2\/pages"}],"about":[{"href":"https:\/\/www.cemf.fr\/lpem\/wp-json\/wp\/v2\/types\/page"}],"author":[{"embeddable":true,"href":"https:\/\/www.cemf.fr\/lpem\/wp-json\/wp\/v2\/users\/1"}],"replies":[{"embeddable":true,"href":"https:\/\/www.cemf.fr\/lpem\/wp-json\/wp\/v2\/comments?post=2"}],"version-history":[{"count":111,"href":"https:\/\/www.cemf.fr\/lpem\/wp-json\/wp\/v2\/pages\/2\/revisions"}],"predecessor-version":[{"id":1832,"href":"https:\/\/www.cemf.fr\/lpem\/wp-json\/wp\/v2\/pages\/2\/revisions\/1832"}],"wp:attachment":[{"href":"https:\/\/www.cemf.fr\/lpem\/wp-json\/wp\/v2\/media?parent=2"}],"curies":[{"name":"wp","href":"https:\/\/api.w.org\/{rel}","templated":true}]}}