{"id":18,"date":"2015-04-01T20:26:47","date_gmt":"2015-04-01T19:26:47","guid":{"rendered":"http:\/\/www.cemf.fr\/lpem\/?page_id=18"},"modified":"2026-03-27T12:22:50","modified_gmt":"2026-03-27T11:22:50","slug":"qui-sommes-nous","status":"publish","type":"page","link":"https:\/\/www.cemf.fr\/lpem\/qui-sommes-nous\/","title":{"rendered":"Qui sommes-nous"},"content":{"rendered":"<h2 class=\"p1\">La CEMF<\/h2>\n<p class=\"p1\">Les Prix de l\u2019Enseignement Musical sont une initiative de la Chambre syndicale des Editeurs de Musique de France.<\/p>\n<p class=\"p1\">La Chambre syndicale des Editeurs de Musique de France (CEMF) a \u00e9t\u00e9 fond\u00e9e en 1873. Outre son action de repr\u00e9sentation des \u00e9diteurs aupr\u00e8s des autorit\u00e9s et des organisations syndicales, la CEMF participe \u00e0 des actions destin\u00e9es \u00e0 la promotion de l\u2019\u00e9dition de musique, contribue \u00e0 la d\u00e9fense et au d\u00e9veloppement de la propri\u00e9t\u00e9 artistique et d\u00e9fend les bonnes m\u0153urs \u00e9ditoriales et la confraternit\u00e9 entre les \u00e9diteurs musicaux, valeurs auxquelles la Chambre syndicale a \u00e9t\u00e9 attach\u00e9e tout au long de son histoire.<\/p>\n<p class=\"p1\"><a href=\"https:\/\/i0.wp.com\/www.cemf.fr\/lpem\/wp-content\/uploads\/2015\/04\/logo_cemf_2016_150V2.jpg?ssl=1\"><img data-recalc-dims=\"1\" loading=\"lazy\" decoding=\"async\" data-attachment-id=\"368\" data-permalink=\"https:\/\/www.cemf.fr\/lpem\/qui-sommes-nous\/logo_cemf_2016_150v2\/\" data-orig-file=\"https:\/\/i0.wp.com\/www.cemf.fr\/lpem\/wp-content\/uploads\/2015\/04\/logo_cemf_2016_150V2.jpg?fit=1561%2C373&amp;ssl=1\" data-orig-size=\"1561,373\" data-comments-opened=\"1\" data-image-meta=\"{&quot;aperture&quot;:&quot;0&quot;,&quot;credit&quot;:&quot;&quot;,&quot;camera&quot;:&quot;&quot;,&quot;caption&quot;:&quot;&quot;,&quot;created_timestamp&quot;:&quot;0&quot;,&quot;copyright&quot;:&quot;&quot;,&quot;focal_length&quot;:&quot;0&quot;,&quot;iso&quot;:&quot;0&quot;,&quot;shutter_speed&quot;:&quot;0&quot;,&quot;title&quot;:&quot;&quot;,&quot;orientation&quot;:&quot;0&quot;}\" data-image-title=\"logo_cemf\" data-image-description=\"\" data-image-caption=\"\" data-medium-file=\"https:\/\/i0.wp.com\/www.cemf.fr\/lpem\/wp-content\/uploads\/2015\/04\/logo_cemf_2016_150V2.jpg?fit=300%2C72&amp;ssl=1\" data-large-file=\"https:\/\/i0.wp.com\/www.cemf.fr\/lpem\/wp-content\/uploads\/2015\/04\/logo_cemf_2016_150V2.jpg?fit=1024%2C245&amp;ssl=1\" class=\"alignleft wp-image-368 size-medium\" src=\"https:\/\/i0.wp.com\/www.cemf.fr\/lpem\/wp-content\/uploads\/2015\/04\/logo_cemf_2016_150V2.jpg?resize=300%2C72&#038;ssl=1\" alt=\"\" width=\"300\" height=\"72\" srcset=\"https:\/\/i0.wp.com\/www.cemf.fr\/lpem\/wp-content\/uploads\/2015\/04\/logo_cemf_2016_150V2.jpg?resize=300%2C72&amp;ssl=1 300w, https:\/\/i0.wp.com\/www.cemf.fr\/lpem\/wp-content\/uploads\/2015\/04\/logo_cemf_2016_150V2.jpg?resize=768%2C184&amp;ssl=1 768w, https:\/\/i0.wp.com\/www.cemf.fr\/lpem\/wp-content\/uploads\/2015\/04\/logo_cemf_2016_150V2.jpg?resize=1024%2C245&amp;ssl=1 1024w, https:\/\/i0.wp.com\/www.cemf.fr\/lpem\/wp-content\/uploads\/2015\/04\/logo_cemf_2016_150V2.jpg?w=1561&amp;ssl=1 1561w\" sizes=\"auto, (max-width: 300px) 100vw, 300px\" \/><\/a><\/p>\n","protected":false},"excerpt":{"rendered":"<p>La CEMF Les Prix de l\u2019Enseignement Musical sont une initiative de la Chambre syndicale des Editeurs de Musique de France. La Chambre syndicale des Editeurs de Musique de France (CEMF) a \u00e9t\u00e9 fond\u00e9e en 1873. Outre son action de repr\u00e9sentation des \u00e9diteurs aupr\u00e8s des autorit\u00e9s et des organisations syndicales, la CEMF participe \u00e0 des actions [&hellip;]<\/p>\n","protected":false},"author":1,"featured_media":0,"parent":0,"menu_order":0,"comment_status":"open","ping_status":"open","template":"page-contact.php","meta":{"_acf_changed":false,"jetpack_post_was_ever_published":false,"footnotes":""},"class_list":["post-18","page","type-page","status-publish","hentry"],"acf":[],"jetpack_sharing_enabled":true,"jetpack_shortlink":"https:\/\/wp.me\/P83htQ-i","jetpack-related-posts":[],"_links":{"self":[{"href":"https:\/\/www.cemf.fr\/lpem\/wp-json\/wp\/v2\/pages\/18","targetHints":{"allow":["GET"]}}],"collection":[{"href":"https:\/\/www.cemf.fr\/lpem\/wp-json\/wp\/v2\/pages"}],"about":[{"href":"https:\/\/www.cemf.fr\/lpem\/wp-json\/wp\/v2\/types\/page"}],"author":[{"embeddable":true,"href":"https:\/\/www.cemf.fr\/lpem\/wp-json\/wp\/v2\/users\/1"}],"replies":[{"embeddable":true,"href":"https:\/\/www.cemf.fr\/lpem\/wp-json\/wp\/v2\/comments?post=18"}],"version-history":[{"count":22,"href":"https:\/\/www.cemf.fr\/lpem\/wp-json\/wp\/v2\/pages\/18\/revisions"}],"predecessor-version":[{"id":1828,"href":"https:\/\/www.cemf.fr\/lpem\/wp-json\/wp\/v2\/pages\/18\/revisions\/1828"}],"wp:attachment":[{"href":"https:\/\/www.cemf.fr\/lpem\/wp-json\/wp\/v2\/media?parent=18"}],"curies":[{"name":"wp","href":"https:\/\/api.w.org\/{rel}","templated":true}]}}