{"id":147,"date":"2015-11-05T11:51:01","date_gmt":"2015-11-05T10:51:01","guid":{"rendered":"http:\/\/www.cemf.fr\/lpem\/?page_id=147"},"modified":"2017-10-24T10:28:23","modified_gmt":"2017-10-24T09:28:23","slug":"les-nommes","status":"publish","type":"page","link":"https:\/\/www.cemf.fr\/lpem\/les-editions-precedentes\/les-nommes\/","title":{"rendered":"Les nomm\u00e9s et laur\u00e9ats 2015"},"content":{"rendered":"<p>&nbsp;<\/p>\n<div id=\"attachment_166\" style=\"width: 517px\" class=\"wp-caption alignnone\"><a href=\"https:\/\/i0.wp.com\/www.cemf.fr\/lpem\/wp-content\/uploads\/2015\/11\/16CD0207CEMF_0356.jpg?ssl=1\"><img data-recalc-dims=\"1\" loading=\"lazy\" decoding=\"async\" aria-describedby=\"caption-attachment-166\" data-attachment-id=\"166\" data-permalink=\"https:\/\/www.cemf.fr\/lpem\/les-editions-precedentes\/les-nommes\/cemf-07022016\/\" data-orig-file=\"https:\/\/i0.wp.com\/www.cemf.fr\/lpem\/wp-content\/uploads\/2015\/11\/16CD0207CEMF_0356.jpg?fit=1024%2C683&amp;ssl=1\" data-orig-size=\"1024,683\" data-comments-opened=\"1\" data-image-meta=\"{&quot;aperture&quot;:&quot;0&quot;,&quot;credit&quot;:&quot;&quot;,&quot;camera&quot;:&quot;&quot;,&quot;caption&quot;:&quot;PHOTO CAROLINE DOUTRE&quot;,&quot;created_timestamp&quot;:&quot;0&quot;,&quot;copyright&quot;:&quot;&quot;,&quot;focal_length&quot;:&quot;0&quot;,&quot;iso&quot;:&quot;0&quot;,&quot;shutter_speed&quot;:&quot;0&quot;,&quot;title&quot;:&quot;CEMF 07\/02\/2016&quot;,&quot;orientation&quot;:&quot;1&quot;}\" data-image-title=\"CEMF 07\/02\/2016\" data-image-description=\"&lt;p&gt;PHOTO CAROLINE DOUTRE&lt;\/p&gt;\n\" data-image-caption=\"&lt;p&gt;Laur\u00e9ats 2015&lt;\/p&gt;\n\" data-medium-file=\"https:\/\/i0.wp.com\/www.cemf.fr\/lpem\/wp-content\/uploads\/2015\/11\/16CD0207CEMF_0356.jpg?fit=300%2C200&amp;ssl=1\" data-large-file=\"https:\/\/i0.wp.com\/www.cemf.fr\/lpem\/wp-content\/uploads\/2015\/11\/16CD0207CEMF_0356.jpg?fit=1024%2C683&amp;ssl=1\" class=\" wp-image-166\" src=\"https:\/\/i0.wp.com\/www.cemf.fr\/lpem\/wp-content\/uploads\/2015\/11\/16CD0207CEMF_0356.jpg?resize=507%2C338&#038;ssl=1\" alt=\"Laur\u00e9ats 2015\" width=\"507\" height=\"338\" srcset=\"https:\/\/i0.wp.com\/www.cemf.fr\/lpem\/wp-content\/uploads\/2015\/11\/16CD0207CEMF_0356.jpg?w=1024&amp;ssl=1 1024w, https:\/\/i0.wp.com\/www.cemf.fr\/lpem\/wp-content\/uploads\/2015\/11\/16CD0207CEMF_0356.jpg?resize=300%2C200&amp;ssl=1 300w\" sizes=\"auto, (max-width: 507px) 100vw, 507px\" \/><\/a><p id=\"caption-attachment-166\" class=\"wp-caption-text\">Laur\u00e9ats 2015 : Nathalie Karibian et Fabrice Lelong, Isabelle Aboulker, Pierre Ch\u00e9p\u00e9lov, Caroline Maurin, Dominique Boutel (membre du jury), Fran\u00e7oise Thinat, Laurent Pottier, Jean-Michel Berrette (photo : Caroline Doutre)<\/p><\/div>\n<h2>Les nomm\u00e9s et laur\u00e9ats &#8211; \u00e9dition 2015<\/h2>\n<p><strong>Prix de la cr\u00e9ation musicale pour de jeunes interpr\u00e8tes<\/strong><\/p>\n<p><strong>Laur\u00e9at :<\/strong> <em>Myla et l&rsquo;Arbre-bateau<\/em> d\u2019Isabelle Aboulker (Paris), commande de l&rsquo;Acad\u00e9mie musicale de Villecroze<\/p>\n<p><em>Temp\u00eate de sable<\/em> d\u2019Aur\u00e9lie Barb\u00e9 (Bures sur Yvette)<\/p>\n<p><em>Pluie de plumes<\/em> de Gonzalo Joaquin Bustos (Paris)<\/p>\n<p><em>Trumpet Steps<\/em>, un projet de l\u2019association Le Tr\u00e9teau et Matthias Champon (Paris)<\/p>\n<p><em>Pianopolis<\/em> de Michel Decoust, commande de l\u2019association Orl\u00e9ans Concours International<\/p>\n<p>&nbsp;<\/p>\n<p><strong>Prix de l\u2019innovation technologique pour l\u2019enseignement de la musique<\/strong><\/p>\n<p><strong>Laur\u00e9at :\u00a0<\/strong><em>Musique \u00e9lectronique Live avec Faust et Smartphones<\/em>, pr\u00e9sent\u00e9 par Laurent Pottier (Saint-Etienne)<\/p>\n<p><em>Piano ma non solo<\/em>, pr\u00e9sent\u00e9 par Fabien Cailleteau (Paris)<\/p>\n<p><em>t@lenschool &#8211; la musique se joue en num\u00e9rique !<\/em> pr\u00e9sent\u00e9 par Les Talens Lyriques et Pauline Lambert (Paris)<\/p>\n<p>&nbsp;<\/p>\n<p><strong>Prix du magasin de musique pour son implication dans l\u2019enseignement<\/strong><\/p>\n<p><strong>Laur\u00e9at :<\/strong>\u00a0<em>L&rsquo;Estro Armonico<\/em> (Tours) et Caroline Maurin<\/p>\n<p>&nbsp;<\/p>\n<p><strong>Prix de la r\u00e9alisation d\u2019une m\u00e9thode instrumentale ou de formation musicale<\/strong><\/p>\n<p><strong>Laur\u00e9at :\u00a0<\/strong><em>L&rsquo;ouverture \u00e0 la musique, vol. 2 et 3 <\/em>de Beno\u00eet Menut et Pierre Ch\u00e9p\u00e9lov (Paris)<\/p>\n<p><em>M\u00e9thode de trompette<\/em> de Fabian Flament (Tourcoing)<\/p>\n<p><em>L&rsquo;orgue aux mille saveurs<\/em> de Marta Gliozzi (Quimper)<\/p>\n<p><em>Little Blues Hands vol.1 \u00e0 3<\/em> de Philippe Lecointre (Paris)<\/p>\n<p><em>La Contrebasse dans l&rsquo;orchestre<\/em> de Daniel Massard (Blagnac)<\/p>\n<p><em>La Clarinette Jazz Manouche<\/em> de Michel Pellegrino (Hy\u00e8res)<\/p>\n<p>&nbsp;<\/p>\n<p><strong>R\u00e9alisation d\u2019une partition de musique instrumentale et\/ou vocale<\/strong><\/p>\n<p><strong>Laur\u00e9at :\u00a0<\/strong><em>Nour<\/em> de Fabrice Lelong et Nathalie Karibian (Grenoble)<\/p>\n<p><em>Voltare Subito\u00a0!<\/em> de Roland Besson (Perpignan)<\/p>\n<p><em>Les 4 saisons de ma trompette<\/em> de Dominique Patteyn (Faches Thumesnil)<\/p>\n<p><em>12\u00a0chants de l&rsquo;\u00eele de Corse<\/em> de Henri Tomasi adapt\u00e9s par Adrian Vioque Lorenzo (Herblay)<\/p>\n<p>&nbsp;<\/p>\n<p><strong>Prix du spectacle r\u00e9alis\u00e9 par de jeunes interpr\u00e8tes<\/strong><\/p>\n<p><strong>Laur\u00e9at :<\/strong><em><strong>\u00a0<\/strong>Les salons de musique du Chevalier de Saint-George,<\/em> pr\u00e9sent\u00e9 par Jean-Michel Berrette (Ivry-sur-Seine)<\/p>\n<p><em>100 fl\u00fbtes migrantes \u00ab\u00a0Il cerchio tagliato dei suoni\u00a0\u00bb<\/em> (Salvatore Sciarrino), pr\u00e9sent\u00e9 par Sophie Deshayes (Paris)<\/p>\n<p><em>Peer Gynt d&rsquo;Edvard Grieg<\/em>, pr\u00e9sent\u00e9 par Olivier Durivault (Limay)<\/p>\n<p><em>V\u00e9ronique op\u00e9rette d&rsquo;Andr\u00e9 Messager<\/em>, pr\u00e9sent\u00e9 par Nicole Fourni\u00e9 (Toulouse)<\/p>\n<p>&nbsp;<\/p>\n<p><strong>Prix\u00a0sp\u00e9cial de la CEMF<\/strong><\/p>\n<p>Fran\u00e7oise Thinat<\/p>\n","protected":false},"excerpt":{"rendered":"<p>&nbsp; Les nomm\u00e9s et laur\u00e9ats &#8211; \u00e9dition 2015 Prix de la cr\u00e9ation musicale pour de jeunes interpr\u00e8tes Laur\u00e9at : Myla et l&rsquo;Arbre-bateau d\u2019Isabelle Aboulker (Paris), commande de l&rsquo;Acad\u00e9mie musicale de Villecroze Temp\u00eate de sable d\u2019Aur\u00e9lie Barb\u00e9 (Bures sur Yvette) Pluie de plumes de Gonzalo Joaquin Bustos (Paris) Trumpet Steps, un projet de l\u2019association Le Tr\u00e9teau [&hellip;]<\/p>\n","protected":false},"author":1,"featured_media":0,"parent":335,"menu_order":0,"comment_status":"open","ping_status":"open","template":"page-nommes.php","meta":{"_acf_changed":false,"jetpack_post_was_ever_published":false,"footnotes":""},"class_list":["post-147","page","type-page","status-publish","hentry"],"acf":[],"jetpack_sharing_enabled":true,"jetpack_shortlink":"https:\/\/wp.me\/P83htQ-2n","jetpack-related-posts":[],"_links":{"self":[{"href":"https:\/\/www.cemf.fr\/lpem\/wp-json\/wp\/v2\/pages\/147","targetHints":{"allow":["GET"]}}],"collection":[{"href":"https:\/\/www.cemf.fr\/lpem\/wp-json\/wp\/v2\/pages"}],"about":[{"href":"https:\/\/www.cemf.fr\/lpem\/wp-json\/wp\/v2\/types\/page"}],"author":[{"embeddable":true,"href":"https:\/\/www.cemf.fr\/lpem\/wp-json\/wp\/v2\/users\/1"}],"replies":[{"embeddable":true,"href":"https:\/\/www.cemf.fr\/lpem\/wp-json\/wp\/v2\/comments?post=147"}],"version-history":[{"count":17,"href":"https:\/\/www.cemf.fr\/lpem\/wp-json\/wp\/v2\/pages\/147\/revisions"}],"predecessor-version":[{"id":172,"href":"https:\/\/www.cemf.fr\/lpem\/wp-json\/wp\/v2\/pages\/147\/revisions\/172"}],"up":[{"embeddable":true,"href":"https:\/\/www.cemf.fr\/lpem\/wp-json\/wp\/v2\/pages\/335"}],"wp:attachment":[{"href":"https:\/\/www.cemf.fr\/lpem\/wp-json\/wp\/v2\/media?parent=147"}],"curies":[{"name":"wp","href":"https:\/\/api.w.org\/{rel}","templated":true}]}}