{"id":110,"date":"2015-04-20T22:46:02","date_gmt":"2015-04-20T21:46:02","guid":{"rendered":"http:\/\/www.cemf.fr\/lpem\/?page_id=110"},"modified":"2026-03-27T12:26:05","modified_gmt":"2026-03-27T11:26:05","slug":"mentions-legales","status":"publish","type":"page","link":"https:\/\/www.cemf.fr\/lpem\/mentions-legales\/","title":{"rendered":"Mentions l\u00e9gales et cr\u00e9dits"},"content":{"rendered":"<h2>Mentions l\u00e9gales<\/h2>\n<p>Site internet \u00e9dit\u00e9 par la Chambre syndicale des Editeurs de Musique de France (Ass.)<br \/>\n2 rue de la Roquette \u2013 Passage du Cheval Blanc &#8211; 75011 Paris<br \/>\ncontact@cemf.fr<br \/>\nSIRET 399 727 064 00012 &#8211; APE 9411Z<\/p>\n<p>Responsable de la publication\u00a0: Pierre Lemoine<br \/>\nH\u00e9bergeur du site : Gandi<br \/>\nR\u00e9alisation du site internet\u00a0: Fran\u00e7ois Dhalmann<\/p>\n<h2>Cr\u00e9dits images<\/h2>\n<p>Page d\u2019accueil\u00a0: \u00a9 Jean-Baptiste Millot<br \/>\nlaur\u00e9ats et c\u00e9r\u00e9monie : \u00a9 Caroline Doutre<\/p>\n<p>Conform\u00e9ment \u00e0 la loi Informatique et Libert\u00e9s du 6 janvier 1978, vous disposez d&rsquo;un droit d&rsquo;acc\u00e8s et de rectification des donn\u00e9es vous concernant. Si vous souhaitez l&rsquo;exercer, il suffit de nous contacter par email (en nous indiquant vos nom, pr\u00e9nom, adresse et mail) \u00e0 lpem@cemf.fr<\/p>\n","protected":false},"excerpt":{"rendered":"<p>Mentions l\u00e9gales Site internet \u00e9dit\u00e9 par la Chambre syndicale des Editeurs de Musique de France (Ass.) 2 rue de la Roquette \u2013 Passage du Cheval Blanc &#8211; 75011 Paris contact@cemf.fr SIRET 399 727 064 00012 &#8211; APE 9411Z Responsable de la publication\u00a0: Pierre Lemoine H\u00e9bergeur du site : Gandi R\u00e9alisation du site internet\u00a0: Fran\u00e7ois Dhalmann [&hellip;]<\/p>\n","protected":false},"author":1,"featured_media":0,"parent":0,"menu_order":0,"comment_status":"open","ping_status":"open","template":"page-partenaires.php","meta":{"_acf_changed":false,"jetpack_post_was_ever_published":false,"footnotes":""},"class_list":["post-110","page","type-page","status-publish","hentry"],"acf":[],"jetpack_sharing_enabled":true,"jetpack_shortlink":"https:\/\/wp.me\/P83htQ-1M","jetpack-related-posts":[],"_links":{"self":[{"href":"https:\/\/www.cemf.fr\/lpem\/wp-json\/wp\/v2\/pages\/110","targetHints":{"allow":["GET"]}}],"collection":[{"href":"https:\/\/www.cemf.fr\/lpem\/wp-json\/wp\/v2\/pages"}],"about":[{"href":"https:\/\/www.cemf.fr\/lpem\/wp-json\/wp\/v2\/types\/page"}],"author":[{"embeddable":true,"href":"https:\/\/www.cemf.fr\/lpem\/wp-json\/wp\/v2\/users\/1"}],"replies":[{"embeddable":true,"href":"https:\/\/www.cemf.fr\/lpem\/wp-json\/wp\/v2\/comments?post=110"}],"version-history":[{"count":10,"href":"https:\/\/www.cemf.fr\/lpem\/wp-json\/wp\/v2\/pages\/110\/revisions"}],"predecessor-version":[{"id":1830,"href":"https:\/\/www.cemf.fr\/lpem\/wp-json\/wp\/v2\/pages\/110\/revisions\/1830"}],"wp:attachment":[{"href":"https:\/\/www.cemf.fr\/lpem\/wp-json\/wp\/v2\/media?parent=110"}],"curies":[{"name":"wp","href":"https:\/\/api.w.org\/{rel}","templated":true}]}}